{"id":4,"date":"2017-12-20T19:37:56","date_gmt":"2017-12-20T19:37:56","guid":{"rendered":"http:\/\/intersani.com\/?page_id=4"},"modified":"2020-10-01T13:34:11","modified_gmt":"2020-10-01T13:34:11","slug":"home","status":"publish","type":"page","link":"https:\/\/intersani.com\/de\/","title":{"rendered":"Home"},"content":{"rendered":"<div id=\"pl-4\"  class=\"panel-layout\" ><div id=\"pg-4-0\"  class=\"panel-grid panel-has-style\" ><div class=\"panel-row-style panel-row-style-for-4-0\" ><div id=\"pgc-4-0-0\"  class=\"panel-grid-cell\" ><div id=\"panel-4-0-0-0\" class=\"so-panel widget widget_sow-editor panel-first-child panel-last-child\" data-index=\"0\" ><div class=\"panel-widget-style panel-widget-style-for-4-0-0-0\" ><div\n\t\t\t\n\t\t\tclass=\"so-widget-sow-editor so-widget-sow-editor-base\"\n\t\t\t\n\t\t>\n<div class=\"siteorigin-widget-tinymce textwidget\">\n\t<div class=\"arve alignleft\" data-mode=\"normal\" data-provider=\"html5\" id=\"arve-html5-69ed0188c69f1052467343\" style=\"max-width:200px;\">\n<span class=\"arve-inner\">\n<span class=\"arve-embed\">\n<video controls controlslist preload=\"metadata\" data-arve=\"arve-html5-69ed0188c69f1052467343\" class=\"arve-video fitvidsignore\">\n<source type=\"video\/mp4\" src=\"https:\/\/intersani.com\/de\/wp-content\/uploads\/2018\/01\/Inter-Sani.mp4\">\n<\/video>\n\n<\/span>\n\n<\/span>\n<script type=\"application\/ld+json\">{\"@context\":\"http:\\\/\\\/schema.org\\\/\",\"@id\":\"https:\\\/\\\/intersani.com\\\/de\\\/#arve-html5-69ed0188c69f1052467343\",\"type\":\"VideoObject\",\"contentURL\":\"https:\\\/\\\/intersani.com\\\/de\\\/wp-content\\\/uploads\\\/2018\\\/01\\\/Inter-Sani.mp4\"}<\/script>\n<\/div>\n\n<p><strong>Intersani ist ein niederl\u00e4ndischer Hersteller, der auf Hubbadewannen f\u00fcr Pflegesituationen spezialisiert ist.<\/strong><\/p>\n<p>&nbsp;<\/p>\n<p>Wir bieten eine stilvolle und benutzerfreundliche Palette an Hubwannen entwickelt f\u00fcr Pflegeheimen, Behinderteneinrichtungen und Krankenh\u00e4usern.<\/p>\n<p>&nbsp;<\/p>\n<p>Alle Intersani-Produkte erf\u00fcllen die h\u00f6chsten Qualit\u00e4ts- und Sicherheitsstandards. Sie sind so konzipiert, dass sie die k\u00f6rperliche Herausforderung bei der Nutzung von Badeinrichtungen reduzieren und die Unabh\u00e4ngigkeit, Privatsph\u00e4re und Sicherheit maximieren.<\/p>\n<p>&nbsp;<\/p>\n<p><a href=\"http:\/\/intersani.com\/adjustable-baths-series-intepro\/\" target=\"_blank\" rel=\"noopener\"><img loading=\"lazy\" decoding=\"async\" class=\"alignnone wp-image-157 size-full\" src=\"http:\/\/intersani.com\/wp-content\/uploads\/2018\/01\/Intersani-baden.png\" alt=\"height adjustable baths\" width=\"1137\" height=\"367\" srcset=\"https:\/\/intersani.com\/de\/wp-content\/uploads\/2018\/01\/Intersani-baden.png 1137w, https:\/\/intersani.com\/de\/wp-content\/uploads\/2018\/01\/Intersani-baden-300x97.png 300w, https:\/\/intersani.com\/de\/wp-content\/uploads\/2018\/01\/Intersani-baden-768x248.png 768w, https:\/\/intersani.com\/de\/wp-content\/uploads\/2018\/01\/Intersani-baden-1024x331.png 1024w, https:\/\/intersani.com\/de\/wp-content\/uploads\/2018\/01\/Intersani-baden-900x291.png 900w\" sizes=\"(max-width: 1137px) 100vw, 1137px\" \/><\/a><\/p>\n<\/div>\n<\/div><\/div><\/div><\/div><\/div><\/div><\/div>","protected":false},"excerpt":{"rendered":"<p>Intersani ist ein niederl\u00e4ndischer Hersteller, der auf Hubbadewannen f\u00fcr Pflegesituationen spezialisiert ist. &nbsp; Wir bieten eine stilvolle und benutzerfreundliche Palette an Hubwannen entwickelt f\u00fcr Pflegeheimen, Behinderteneinrichtungen und Krankenh\u00e4usern. &nbsp; Alle Intersani-Produkte erf\u00fcllen die h\u00f6chsten Qualit\u00e4ts- und Sicherheitsstandards. Sie sind so konzipiert, dass sie die k\u00f6rperliche Herausforderung bei der Nutzung von Badeinrichtungen reduzieren und die Unabh\u00e4ngigkeit, [&hellip;]<\/p>\n","protected":false},"author":1,"featured_media":0,"parent":0,"menu_order":0,"comment_status":"closed","ping_status":"closed","template":"full-width-page-template.php","meta":{"footnotes":""},"aioseo_notices":[],"_links":{"self":[{"href":"https:\/\/intersani.com\/de\/wp-json\/wp\/v2\/pages\/4"}],"collection":[{"href":"https:\/\/intersani.com\/de\/wp-json\/wp\/v2\/pages"}],"about":[{"href":"https:\/\/intersani.com\/de\/wp-json\/wp\/v2\/types\/page"}],"author":[{"embeddable":true,"href":"https:\/\/intersani.com\/de\/wp-json\/wp\/v2\/users\/1"}],"replies":[{"embeddable":true,"href":"https:\/\/intersani.com\/de\/wp-json\/wp\/v2\/comments?post=4"}],"version-history":[{"count":130,"href":"https:\/\/intersani.com\/de\/wp-json\/wp\/v2\/pages\/4\/revisions"}],"predecessor-version":[{"id":929,"href":"https:\/\/intersani.com\/de\/wp-json\/wp\/v2\/pages\/4\/revisions\/929"}],"wp:attachment":[{"href":"https:\/\/intersani.com\/de\/wp-json\/wp\/v2\/media?parent=4"}],"curies":[{"name":"wp","href":"https:\/\/api.w.org\/{rel}","templated":true}]}}