{"id":16,"date":"2017-12-20T19:49:33","date_gmt":"2017-12-20T19:49:33","guid":{"rendered":"http:\/\/intersani.com\/?page_id=16"},"modified":"2018-12-18T09:08:01","modified_gmt":"2018-12-18T09:08:01","slug":"kontakt","status":"publish","type":"page","link":"https:\/\/intersani.com\/de\/kontakt\/","title":{"rendered":"Kontaktdaten"},"content":{"rendered":"<div id=\"pl-16\"  class=\"panel-layout\" ><div id=\"pg-16-0\"  class=\"panel-grid panel-has-style\" ><div class=\"siteorigin-panels-stretch panel-row-style panel-row-style-for-16-0\" id=\"contact-2\" data-stretch-type=\"full\" ><div id=\"pgc-16-0-0\"  class=\"panel-grid-cell\" ><div id=\"panel-16-0-0-0\" class=\"so-panel widget widget_sow-editor panel-first-child panel-last-child\" data-index=\"0\" ><div class=\"panel-widget-style panel-widget-style-for-16-0-0-0\" ><div\n\t\t\t\n\t\t\tclass=\"so-widget-sow-editor so-widget-sow-editor-base\"\n\t\t\t\n\t\t><h3 class=\"widget-title\">Intersani <\/h3>\n<div class=\"siteorigin-widget-tinymce textwidget\">\n\t<p>&nbsp;<\/p>\n<p>Wir und unsere internationalen Gesch\u00e4ftspartner unterst\u00fctzen viele Gesundheitsorganisationen bei der Einrichtung ihrer Badezimmer f\u00fcr die einfache und sichere Verwendung von Hilfsmitteln.<\/p>\n<p>Dieser Ansatz hat vielfach zu erfolgreichen Layouts und der Entwicklung von zus\u00e4tzlichen Produkten und praktischem Zubeh\u00f6r gef\u00fchrt.<\/p>\n<p>&nbsp;<\/p>\n<p>Wenn Sie weitere Informationen w\u00fcnschen, rufen Sie uns an, senden Sie eine E-Mail oder f\u00fcllen Sie bitte das Kontaktformular aus.<\/p>\n<p>&nbsp;<\/p>\n<p>Intersani Care Products<\/p>\n<p>Dortmundstraat 28<br \/>\n7418 BH Deventer<br \/>\nThe Netherlands<\/p>\n<p>&nbsp;<\/p>\n<p>Tel.: (31) 0570-238228<\/p>\n<p>intepro@intersani.com<\/p>\n<p>&nbsp;<\/p>\n<p><img loading=\"lazy\" decoding=\"async\" class=\"alignnone size-full wp-image-293\" src=\"http:\/\/intersani.com\/wp-content\/uploads\/2018\/01\/Sani-Products-pand.jpg\" alt=\"\" width=\"347\" height=\"215\" srcset=\"https:\/\/intersani.com\/de\/wp-content\/uploads\/2018\/01\/Sani-Products-pand.jpg 347w, https:\/\/intersani.com\/de\/wp-content\/uploads\/2018\/01\/Sani-Products-pand-300x186.jpg 300w\" sizes=\"(max-width: 347px) 100vw, 347px\" \/><\/p>\n<p>&nbsp;<\/p>\n<\/div>\n<\/div><\/div><\/div><\/div><div id=\"pgc-16-0-1\"  class=\"panel-grid-cell\" ><div id=\"panel-16-0-1-0\" class=\"widget_text so-panel widget widget_custom_html panel-first-child panel-last-child\" data-index=\"1\" ><div class=\"widget_text panel-widget-style panel-widget-style-for-16-0-1-0\" ><h3 class=\"widget-title\">Contact us<\/h3><div class=\"textwidget custom-html-widget\"><div class=\"wpforms-container wpforms-container-full\" id=\"wpforms-597\"><form id=\"wpforms-form-597\" class=\"wpforms-validate wpforms-form\" data-formid=\"597\" method=\"post\" enctype=\"multipart\/form-data\" action=\"\/de\/wp-json\/wp\/v2\/pages\/16\" data-token=\"73a12cecccc2bebfbdec000dfd1ef8b1\" data-token-time=\"1777145330\"><noscript class=\"wpforms-error-noscript\">Schakel JavaScript in je browser in om dit formulier in te vullen.<\/noscript><div class=\"wpforms-field-container\"><div id=\"wpforms-597-field_0-container\" class=\"wpforms-field wpforms-field-name\" data-field-id=\"0\"><label class=\"wpforms-field-label\" for=\"wpforms-597-field_0\">Your name <span class=\"wpforms-required-label\">*<\/span><\/label><input type=\"text\" id=\"wpforms-597-field_0\" class=\"wpforms-field-medium wpforms-field-required\" name=\"wpforms[fields][0]\" required><\/div><div id=\"wpforms-597-field_1-container\" class=\"wpforms-field wpforms-field-email\" data-field-id=\"1\"><label class=\"wpforms-field-label\" for=\"wpforms-597-field_1\">Your Email <span class=\"wpforms-required-label\">*<\/span><\/label><input type=\"email\" id=\"wpforms-597-field_1\" class=\"wpforms-field-medium wpforms-field-required\" name=\"wpforms[fields][1]\" spellcheck=\"false\" required><\/div><div id=\"wpforms-597-field_3-container\" class=\"wpforms-field wpforms-field-text\" data-field-id=\"3\"><label class=\"wpforms-field-label\" for=\"wpforms-597-field_3\">Your subject<\/label><input type=\"text\" id=\"wpforms-597-field_3\" class=\"wpforms-field-medium\" name=\"wpforms[fields][3]\" ><\/div><div id=\"wpforms-597-field_2-container\" class=\"wpforms-field wpforms-field-textarea\" data-field-id=\"2\"><label class=\"wpforms-field-label\" for=\"wpforms-597-field_2\">Your message <span class=\"wpforms-required-label\">*<\/span><\/label><textarea id=\"wpforms-597-field_2\" class=\"wpforms-field-small wpforms-field-required\" name=\"wpforms[fields][2]\" required><\/textarea><\/div><\/div><!-- .wpforms-field-container --><div class=\"wpforms-field wpforms-field-hp\"><label for=\"wpforms-597-field-hp\" class=\"wpforms-field-label\">Comment<\/label><input type=\"text\" name=\"wpforms[hp]\" id=\"wpforms-597-field-hp\" class=\"wpforms-field-medium\"><\/div><div class=\"wpforms-recaptcha-container wpforms-is-recaptcha wpforms-is-recaptcha-type-v2\" ><div class=\"g-recaptcha\" data-sitekey=\"6LdklbUUAAAAAPLBSMQAnTP7ocJns2uZShySdCMp\"><\/div><input type=\"text\" name=\"g-recaptcha-hidden\" class=\"wpforms-recaptcha-hidden\" style=\"position:absolute!important;clip:rect(0,0,0,0)!important;height:1px!important;width:1px!important;border:0!important;overflow:hidden!important;padding:0!important;margin:0!important;\" data-rule-recaptcha=\"1\"><\/div><div class=\"wpforms-submit-container\" ><input type=\"hidden\" name=\"wpforms[id]\" value=\"597\"><input type=\"hidden\" name=\"page_title\" value=\"\"><input type=\"hidden\" name=\"page_url\" value=\"https:\/\/intersani.com\/de\/wp-json\/wp\/v2\/pages\/16\"><button type=\"submit\" name=\"wpforms[submit]\" id=\"wpforms-submit-597\" class=\"wpforms-submit\" data-alt-text=\"Sending...\" data-submit-text=\"Submit\" aria-live=\"assertive\" value=\"wpforms-submit\">Submit<\/button><\/div><\/form><\/div>  <!-- .wpforms-container --><\/div><\/div><\/div><\/div><\/div><\/div><div id=\"pg-16-1\"  class=\"panel-grid panel-has-style\" ><div class=\"siteorigin-panels-stretch panel-row-style panel-row-style-for-16-1\" id=\"contact-3\" data-stretch-type=\"full-stretched\" ><div id=\"pgc-16-1-0\"  class=\"panel-grid-cell\" ><div id=\"panel-16-1-0-0\" class=\"so-panel widget widget_sow-google-map panel-first-child panel-last-child\" data-index=\"2\" ><div class=\"panel-widget-style panel-widget-style-for-16-1-0-0\" ><div\n\t\t\t\n\t\t\tclass=\"so-widget-sow-google-map so-widget-sow-google-map-default-cc770c0dc5a6-16\"\n\t\t\t\n\t\t>\n<div class=\"sow-google-map-canvas\"\n\tstyle=\"\"\n\tid=\"map-canvas-ace4195bd820564be0a4527e8ab1abcf\"\n\tdata-options=\"{&quot;address&quot;:&quot;52.245624, 6.200543&quot;,&quot;zoom&quot;:7,&quot;mobileZoom&quot;:7,&quot;gestureHandling&quot;:&quot;none&quot;,&quot;disableUi&quot;:false,&quot;markerIcon&quot;:&quot;&quot;,&quot;markersDraggable&quot;:false,&quot;markerAtCenter&quot;:true,&quot;markerInfoDisplay&quot;:&quot;click&quot;,&quot;markerInfoMultiple&quot;:true,&quot;markerPositions&quot;:&quot;&quot;,&quot;mapName&quot;:&quot;&quot;,&quot;mapStyles&quot;:&quot;&quot;,&quot;directions&quot;:&quot;&quot;,&quot;apiKey&quot;:&quot;AIzaSyBzksk-IQ1QUovgiYz0friLy9CDewfpkgk&quot;,&quot;breakpoint&quot;:780}\"\n\tdata-fallback-image=\"{&quot;img&quot;:&quot;&quot;}\"><\/div>\n<\/div><\/div><\/div><\/div><\/div><\/div><\/div>","protected":false},"excerpt":{"rendered":"<p>&nbsp; Wir und unsere internationalen Gesch\u00e4ftspartner unterst\u00fctzen viele Gesundheitsorganisationen bei der Einrichtung ihrer Badezimmer f\u00fcr die einfache und sichere Verwendung von Hilfsmitteln. Dieser Ansatz hat vielfach zu erfolgreichen Layouts und der Entwicklung von zus\u00e4tzlichen Produkten und praktischem Zubeh\u00f6r gef\u00fchrt. &nbsp; Wenn Sie weitere Informationen w\u00fcnschen, rufen Sie uns an, senden Sie eine E-Mail oder f\u00fcllen [&hellip;]<\/p>\n","protected":false},"author":1,"featured_media":0,"parent":0,"menu_order":0,"comment_status":"closed","ping_status":"closed","template":"full-width-page-template.php","meta":{"footnotes":""},"aioseo_notices":[],"_links":{"self":[{"href":"https:\/\/intersani.com\/de\/wp-json\/wp\/v2\/pages\/16"}],"collection":[{"href":"https:\/\/intersani.com\/de\/wp-json\/wp\/v2\/pages"}],"about":[{"href":"https:\/\/intersani.com\/de\/wp-json\/wp\/v2\/types\/page"}],"author":[{"embeddable":true,"href":"https:\/\/intersani.com\/de\/wp-json\/wp\/v2\/users\/1"}],"replies":[{"embeddable":true,"href":"https:\/\/intersani.com\/de\/wp-json\/wp\/v2\/comments?post=16"}],"version-history":[{"count":94,"href":"https:\/\/intersani.com\/de\/wp-json\/wp\/v2\/pages\/16\/revisions"}],"predecessor-version":[{"id":900,"href":"https:\/\/intersani.com\/de\/wp-json\/wp\/v2\/pages\/16\/revisions\/900"}],"wp:attachment":[{"href":"https:\/\/intersani.com\/de\/wp-json\/wp\/v2\/media?parent=16"}],"curies":[{"name":"wp","href":"https:\/\/api.w.org\/{rel}","templated":true}]}}